{"id":4012,"date":"2026-03-13T22:03:50","date_gmt":"2026-03-13T22:03:50","guid":{"rendered":"https:\/\/mbbakow.pl\/?page_id=4012"},"modified":"2026-03-13T22:13:42","modified_gmt":"2026-03-13T22:13:42","slug":"nowenna-do-sw-jozefa","status":"publish","type":"page","link":"http:\/\/mbbakow.pl\/?page_id=4012","title":{"rendered":"Nowenna do \u015bw. J\u00f3zefa"},"content":{"rendered":"\n<h3 class=\"wp-block-heading\">od 10 marca do 18 marca<\/h3>\n\n\n\n<p><strong>Modlitwa wst\u0119pna<\/strong><br>K.: W&nbsp;imi\u0119 Ojca i&nbsp;Syna, i&nbsp;Ducha \u015awi\u0119tego.<br>W.: Amen.<br>O chwalebny \u015awi\u0119ty J\u00f3zefie, przybrany ojcze Pana Naszego Jezusa Chrystusa i&nbsp;przeczysty Oblubiencze Niepokalanej Dziewicy Maryi, oto ja, niegodny Tw\u00f3j czciciel, oddaj\u0119 si\u0119 Tobie w&nbsp;opiek\u0119 i&nbsp;obieram sobie Ciebie za mego szczeg\u00f3lnego patrona, opiekuna, wspomo\u017cyciela i&nbsp;or\u0119downika u&nbsp;Boga. Wyjednaj mi \u0142ask\u0119 dobrego \u017cycia i&nbsp;szcz\u0119\u015bliwej \u015bmierci wraz z&nbsp;dobrodziejstwem, o&nbsp;kt\u00f3re dzisiaj prosz\u0119 Ci\u0119 w&nbsp;tej nowennie w&nbsp;spos\u00f3b szczeg\u00f3lny\u2026<\/p>\n\n\n\n<p><strong>1. Dzie\u0144 Pierwszy \u2013 (10 marca)<\/strong><br>Pot\u0119\u017cny Patriarcho, jak w&nbsp;Starym Testamencie J\u00f3zef, syn Jakuba, z&nbsp;woli Bo\u017cej zosta\u0142 rz\u0105dc\u0105 w&nbsp;Egipcie dla ratowania ludzi od&nbsp;\u015bmierci, tak w&nbsp;Nowym Testamencie Ty zosta\u0142e\u015b panem i&nbsp;zarz\u0105dc\u0105 tych skarb\u00f3w, kt\u00f3re nam s\u0105 potrzebne do&nbsp;\u017cycia nadprzyrodzonego. Z&nbsp;wielk\u0105 przeto czci\u0105 i&nbsp;ufno\u015bci\u0105 pragniemy zwraca\u0107 si\u0119 do&nbsp;Ciebie we wszytkich naszych potrzebach tak doczesnych, jak i&nbsp;duchowych, pewni \u017ce Tw\u00f3j Syn, kt\u00f3ry zawsze by\u0142 Ci pos\u0142uszny na&nbsp;ziemi, wys\u0142ucha Ci\u0119 tak\u017ce w&nbsp;niebie.<\/p>\n\n\n\n<p><strong>Modlitwa do&nbsp;\u015bw. J\u00f3zefa<\/strong><br>Do Ciebie, \u015awi\u0119ty J\u00f3zefie, uciekamy si\u0119 w&nbsp;naszej niedoli. Wezwawszy pomocy Twej Naj\u015bwi\u0119tszej Oblubienicy, z&nbsp;ufno\u015bci\u0105 r\u00f3wnie\u017c b\u0142agamy o&nbsp;Twoj\u0105 opiek\u0119. Przez mi\u0142o\u015b\u0107, kt\u00f3ra Ci\u0119 \u0142\u0105czy\u0142a z&nbsp;Niepokalan\u0105 Dziewic\u0105, Bogarodzic\u0105, i&nbsp;przez ojcowsk\u0105 Tw\u0105 troskliwo\u015b\u0107, kt\u00f3r\u0105 otacza\u0142e\u015b Dzieci\u0119 Jezus, pokornie b\u0142agamy: wejrzyj \u0142askawie na&nbsp;dziedzictwo, kt\u00f3re Jezus Chrystus naby\u0142 krwi\u0105 swoj\u0105, i&nbsp;swoim pot\u0119\u017cnym wstawiennictwem dopom\u00f3\u017c nam w&nbsp;naszych potrzebach.<br>Opatrzno\u015bciowy str\u00f3\u017cu Bo\u017cej Rodziny, czuwaj nad wybranym potomstwem Jezusa Chrystusa. Oddal od&nbsp;nas, ukochany ojcze, wszelk\u0105 zaraz\u0119 b\u0142\u0119d\u00f3w i&nbsp;zepsucia. Pot\u0119\u017cny nasz wybawco, przyb\u0105d\u017a nam \u0142askawie z&nbsp;niebia\u0144sk\u0105 pomoc\u0105 w&nbsp;tej walce z&nbsp;mocami ciemno\u015bci, a&nbsp;jak niegdy\u015b uratowa\u0142e\u015b Dzieci\u0119 Jezus niebezpiecze\u0144stwa, kt\u00f3re zagra\u017ca\u0142o Jego \u017cyciu, tak teraz bro\u0144 \u015awi\u0119tego Ko\u015bcio\u0142a Bo\u017cego od&nbsp;wrogich zasadzek i&nbsp;od wszelkiej przeciwno\u015bci.<br>Otaczaj ka\u017cdego z&nbsp;nas nieustann\u0105 opiek\u0105, aby\u015bmy za Twoim przyk\u0142adem i&nbsp;Twoj\u0105 pomoc\u0105 wsparci mogli \u017cy\u0107 \u015bwi\u0105tobliwie, umrze\u0107 pobo\u017cnie i&nbsp;osi\u0105gn\u0105\u0107 wieczn\u0105 szcz\u0119\u015bliwo\u015b\u0107 w&nbsp;niebie. Amen.<\/p>\n\n\n\n<p><strong>Litania do&nbsp;\u015awi\u0119tego J\u00f3zefa<\/strong><\/p>\n\n\n\n<p>Kyrie eleison.<br>Christe, eleison.<br>Kyrie eleison.<br>Chryste, us\u0142ysz nas. \u2013 Chryste, wys\u0142uchaj nas.<br>Ojcze z&nbsp;nieba, Bo\u017ce, \u2013 zmi\u0142uj si\u0119 nad nami.<br>Synu, Odkupicielu \u015bwiata, Bo\u017ce, \u2013 zmi\u0142uj si\u0119 nad nami.<br>Duchu \u015awi\u0119ty, Bo\u017ce, \u2013 zmi\u0142uj si\u0119 nad nami.<br>\u015awi\u0119ta Tr\u00f3jco, Jedyny Bo\u017ce, \u2013 zmi\u0142uj si\u0119 nad nami.<br>\u015awi\u0119ta Maryjo, \u2013 m\u00f3dl si\u0119 za nami.<br>\u015awi\u0119ty J\u00f3zefie,<br>Przes\u0142awny potomku Dawida,<br>\u015awiat\u0142o Patriarch\u00f3w,<br>Oblubie\u0144cze Bogarodzicy,<br>Opiekunie Odkupiciela,<br>Przeczysty str\u00f3\u017cu Dziewicy,<br>\u017bywicielu Syna Bo\u017cego,<br>Troskliwy obro\u0144co Chrystusa,<br>S\u0142ugo Chrystusa,<br>S\u0142ugo zbawienia,<br>G\u0142owo Naj\u015bwi\u0119tszej Rodziny,<br>J\u00f3zefie najsprawiedliwszy,<br>J\u00f3zefie najczystszy,<br>J\u00f3zefie najroztropniejszy,<br>J\u00f3zefie najm\u0119\u017cniejszy,<br>J\u00f3zefie najpos\u0142uszniejszy,<br>J\u00f3zefie najwierniejszy,<br>Zwierciad\u0142o cierpliwo\u015bci,<br>Mi\u0142o\u015bniku ub\u00f3stwa,<br>Wzorze pracuj\u0105cych,<br>Ozdobo \u017cycia rodzinnego,<br>Opiekunie dziewic,<br>Podporo rodzin,<br>Podporo w&nbsp;trudno\u015bciach,<br>Pociecho nieszcz\u0119\u015bliwych,<br>Nadziejo chorych,<br>Patronie wygna\u0144c\u00f3w,<br>Patronie cierpi\u0105cych,<br>Patronie ubogich,<br>Patronie umieraj\u0105cych,<br>Postrachu duch\u00f3w piekielnych,<br>Opiekunie Ko\u015bcio\u0142a \u015bwi\u0119tego,<\/p>\n\n\n\n<p><br>Baranku Bo\u017cy, kt\u00f3ry g\u0142adzisz grzechy \u015bwiata, przepu\u015b\u0107 nam, Panie.<br>Baranku Bo\u017cy, kt\u00f3ry g\u0142adzisz grzechy \u015bwiata, wys\u0142uchaj nas, Panie.<br>Baranku Bo\u017cy, kt\u00f3ry g\u0142adzisz grzechy \u015bwiata, zmi\u0142uj si\u0119 nad nami.<\/p>\n\n\n\n<p>P.&nbsp;Ustanowi\u0142 go panem domu swego.<br>W.&nbsp;I zarz\u0105dc\u0105 wszystkich posiad\u0142o\u015bci swoich.<\/p>\n\n\n\n<p>M\u00f3dlmy si\u0119.<br>Bo\u017ce, Ty w&nbsp;niewys\u0142owionej Opatrzno\u015bci wybra\u0142e\u015b \u015bwi\u0119tego J\u00f3zefa na&nbsp;Oblubie\u0144ca Naj\u015bwi\u0119tszej Rodzicielki Twojego Syna, spraw, aby\u015bmy oddaj\u0105c mu na&nbsp;ziemi cze\u015b\u0107 jako opiekunowi, zas\u0142u\u017cyli na&nbsp;jego or\u0119downictwo w&nbsp;niebie. Przez Chrystusa, Pana naszego.&nbsp;W.&nbsp;Amen.<\/p>\n\n\n\n<hr class=\"wp-block-separator has-alpha-channel-opacity\"\/>\n\n\n\n<p><strong>2. Dzie\u0144 drugi (11 marca)<\/strong><br>Chwalebny \u015awi\u0119ty J\u00f3zefie, Ojciec Niebieski nie waha\u0142 si\u0119 odda\u0107 Tobie w&nbsp;opiek\u0119 Jednorodzonego Syna Swojego. Przyj\u0105\u0142e\u015b Go z&nbsp;mi\u0142o\u015bci\u0105, \u017cywi\u0142e\u015b, piastowa\u0142e\u015b i&nbsp;strzeg\u0142e\u015b z&nbsp;ojcowsk\u0105 pieczo\u0142owito\u015bci\u0105. Garniemy si\u0119 do&nbsp;Ciebie z&nbsp;dzieci\u0119c\u0105 ufno\u015bci\u0105 i&nbsp;prosimy, aby\u015b po ojcowsku wys\u0142ucha\u0142 naszych pr\u00f3\u015bb, kt\u00f3re do&nbsp;Ciebie zanosimy, i&nbsp;chroni\u0142 nas od&nbsp;wszelkiego z\u0142a.<br><strong>Modlitwa do&nbsp;\u015bw. J\u00f3zefa<\/strong><br><strong>Litania do&nbsp;\u015bw. J\u00f3zefa<\/strong><\/p>\n\n\n\n<hr class=\"wp-block-separator has-alpha-channel-opacity\"\/>\n\n\n\n<p><strong>3. Dzie\u0144 trzeci (12 marca)<\/strong><br>\u015awi\u0119ty J\u00f3zefie, Twoja wyj\u0105tkowa godno\u015b\u0107, prawo\u015b\u0107 i&nbsp;chwa\u0142a maj\u0105 swoje \u017ar\u00f3d\u0142o w&nbsp;Chrystusie, z&nbsp;kt\u00f3rym na&nbsp;co&nbsp;dzie\u0144 przebywa\u0142e\u015b, z&nbsp;kt\u00f3rym rozmawia\u0142e\u015b i&nbsp;pracowa\u0142e\u015b. Dopom\u00f3\u017c nam \u015awi\u0119ty nasz Opiekunie, aby\u015bmy r\u00f3wnie\u017c potrafili na&nbsp;co&nbsp;dzie\u0144 z&nbsp;Chrystusem rozmawia\u0107, pracowa\u0107, przebywa\u0107, a&nbsp;w blaskach Jego Obecno\u015bci u\u015bwi\u0119ca\u0107 siebie i&nbsp;wszystkie zaj\u0119cia.<br><strong>Modlitwa do&nbsp;\u015bw. J\u00f3zefa<\/strong><br><strong>Litania do&nbsp;\u015bw. J\u00f3zefa<\/strong><\/p>\n\n\n\n<hr class=\"wp-block-separator has-alpha-channel-opacity\"\/>\n\n\n\n<p><strong>4. Dzie\u0144 czwarty (13 marca)<\/strong><br>J\u00f3zefie \u015awi\u0119ty, pod opiek\u0105 Twoj\u0105 r\u00f3s\u0142 chleb \u017cywota z&nbsp;nieba dany. Ty\u015b Go w&nbsp;ziarnie piel\u0119gnowa\u0142, by nakarmi\u0142 ludzki g\u0142\u00f3d. Upro\u015b nam \u0142ask\u0119 odczuwania g\u0142odu eucharystycznego, aby Komunia \u015awi\u0119ta by\u0142a dla nas \u017ar\u00f3d\u0142em pokoju i&nbsp;zadatkiem chwalebnego zmartwychwstania.<br><strong>Modlitwa do&nbsp;\u015bw. J\u00f3zefa<\/strong><br><strong>Litania do&nbsp;\u015bw. J\u00f3zefa<\/strong><\/p>\n\n\n\n<hr class=\"wp-block-separator has-alpha-channel-opacity\"\/>\n\n\n\n<p><strong>5. Dzie\u0144 pi\u0105ty (14 marca)<\/strong><br>Pot\u0119\u017cny nasz Patronie, z\u0142o z&nbsp;ogromn\u0105 si\u0142\u0105 wciska si\u0119 w&nbsp;nasze \u017cycie, powoduj\u0105c zam\u0119t w&nbsp;sumieniu i&nbsp;ca\u0142ym \u017cyciu chrze\u015bcija\u0144skim. Zar\u00f3wno \u201cmarno\u015bci \u015bwiatowe\u201d, jak i&nbsp;\u201cszata\u0144skie najazdy\u201d nie ustaj\u0105 w&nbsp;uwodzeniu do&nbsp;z\u0142a. Wspomagaj nas Swoj\u0105 pot\u0119\u017cn\u0105 opiek\u0105, aby\u015bmy pomoc\u0105 Tw\u0105 wsparci mogli \u017cy\u0107 pobo\u017cnie, \u015bwi\u0119cie umiera\u0107 i&nbsp;osi\u0105gn\u0105\u0107 szcz\u0119\u015bcie wieczne.<br><strong>Modlitwa do&nbsp;\u015bw. J\u00f3zefa<\/strong><br><strong>Litania do&nbsp;\u015bw. J\u00f3zefa<\/strong><\/p>\n\n\n\n<hr class=\"wp-block-separator has-alpha-channel-opacity\"\/>\n\n\n\n<p><strong>6. Dzie\u0144 sz\u00f3sty (15 marca)<\/strong><br>G\u0142owo Naj\u015bwi\u0119tszej Rodziny razem z&nbsp;Naj\u015bwi\u0119tsz\u0105 Maryj\u0105 Pann\u0105 i&nbsp;Zbawicielem jeste\u015bcie niedo\u015bcig\u0142ym wzorem \u017cycia rodzinnego i&nbsp;wszelkich cn\u00f3t domowych. Upro\u015b naszym rodzinom \u0142ask\u0119 wpatrywania si\u0119 w&nbsp;Twoj\u0105 Rodzin\u0119 Nazareta\u0144sk\u0105 dla uczenia si\u0119 \u017cycia rodzinnego w&nbsp;pokoju i&nbsp;szcz\u0119\u015bciu.<br><strong>Modlitwa do&nbsp;\u015bw. J\u00f3zefa<\/strong><br><strong>Litania do&nbsp;\u015bw. J\u00f3zefa<\/strong><\/p>\n\n\n\n<hr class=\"wp-block-separator has-alpha-channel-opacity\"\/>\n\n\n\n<p><strong>7. Dzie\u0144 si\u00f3dmy (16 marca)<\/strong><br>\u015awi\u0119ty J\u00f3zefie, Ko\u015bci\u00f3\u0142 czci Ciebie jako Swojego Patrona, Opiekuna i&nbsp;Obro\u0144c\u0119, licz\u0105c s\u0142usznie na&nbsp;pot\u0119\u017cn\u0105 Twoj\u0105 pomoc poniewa\u017c jako opiekun, ojciec i&nbsp;\u017cywiciel Chrystusa na&nbsp;ziemi, nadal pozosta\u0142e\u015b opiekunem Jego Mistycznego Cia\u0142a, czyli Ko\u015bcio\u0142a. Wypraszaj przeto wszystkim cz\u0142onkom Ko\u015bcio\u0142a \u0142ask\u0119 wierno\u015bci Chrystusowi, Jego Krzy\u017cowi i&nbsp;Ewangelii.<br><strong>Modlitwa do&nbsp;\u015bw. J\u00f3zefa<\/strong><br><strong>Litania do&nbsp;\u015bw. J\u00f3zefa<\/strong><\/p>\n\n\n\n<hr class=\"wp-block-separator has-alpha-channel-opacity\"\/>\n\n\n\n<p><strong>8. Dzie\u0144 \u00f3smy (17 marca)<\/strong><br>\u015awi\u0119ty J\u00f3zefie, Pot\u0119\u017cny nasz Patronie ! Kiedy\u015b J\u00f3zef, syn Jakuba, z&nbsp;woli Bo\u017cej sta\u0142 si\u0119 przyczyn\u0105 b\u0142ogos\u0142awie\u0144stwa dla um\u0119czonego Egiptu i&nbsp;kraj\u00f3w pogranicznych. Prosimy ci\u0119 usilnie, aby Twoja obecno\u015b\u0107 czcona w&nbsp;Polsce od&nbsp;stuleci, zaowocowa\u0142a w&nbsp;tych trudnych dniach b\u0142ogos\u0142awie\u0144stwem Bo\u017cym dla nas i&nbsp;naszych s\u0105siad\u00f3w.<br><strong>Modlitwa do&nbsp;\u015bw. J\u00f3zefa<\/strong><br><strong>Litania do&nbsp;\u015bw. J\u00f3zefa<\/strong><\/p>\n\n\n\n<hr class=\"wp-block-separator has-alpha-channel-opacity\"\/>\n\n\n\n<p><strong>9. Dzie\u0144 dziewi\u0105ty (18 marca)<\/strong><br>\u015awi\u0119ty J\u00f3zefie, Patronie dobrej \u015bmierci, przy Twoim zgonie obecny by\u0142 Zbawiciel i&nbsp;Twoja Przeczysta Oblubienica. Upro\u015b nam t\u0119 \u0142ask\u0119, aby\u015bmy mogli odej\u015b\u0107 z&nbsp;tego \u015bwiata w&nbsp;obecno\u015bci Jezusa i&nbsp;Jego Niepokalanej Matki.<br><strong>Modlitwa do&nbsp;\u015bw. J\u00f3zefa<\/strong><br><strong>Litania do&nbsp;\u015bw. J\u00f3zefa<\/strong><\/p>\n","protected":false},"excerpt":{"rendered":"<p>od 10 marca do 18 marca Modlitwa wst\u0119pnaK.: W&nbsp;imi\u0119 Ojca i&nbsp;Syna, i&nbsp;Ducha \u015awi\u0119tego.W.: Amen.O chwalebny \u015awi\u0119ty J\u00f3zefie, przybrany ojcze Pana Naszego Jezusa Chrystusa i&nbsp;przeczysty Oblubiencze Niepokalanej Dziewicy Maryi, oto ja, niegodny Tw\u00f3j czciciel, oddaj\u0119 si\u0119 Tobie w&nbsp;opiek\u0119 i&nbsp;obieram sobie Ciebie za mego szczeg\u00f3lnego patrona, opiekuna, wspomo\u017cyciela i&nbsp;or\u0119downika u&nbsp;Boga. Wyjednaj mi \u0142ask\u0119 dobrego \u017cycia i&nbsp;szcz\u0119\u015bliwej \u015bmierci <a href=\"http:\/\/mbbakow.pl\/?page_id=4012\" class=\"more-link\">more<\/a><\/p>\n","protected":false},"author":1,"featured_media":0,"parent":0,"menu_order":0,"comment_status":"closed","ping_status":"closed","template":"","meta":[],"_links":{"self":[{"href":"http:\/\/mbbakow.pl\/index.php?rest_route=\/wp\/v2\/pages\/4012"}],"collection":[{"href":"http:\/\/mbbakow.pl\/index.php?rest_route=\/wp\/v2\/pages"}],"about":[{"href":"http:\/\/mbbakow.pl\/index.php?rest_route=\/wp\/v2\/types\/page"}],"author":[{"embeddable":true,"href":"http:\/\/mbbakow.pl\/index.php?rest_route=\/wp\/v2\/users\/1"}],"replies":[{"embeddable":true,"href":"http:\/\/mbbakow.pl\/index.php?rest_route=%2Fwp%2Fv2%2Fcomments&post=4012"}],"version-history":[{"count":3,"href":"http:\/\/mbbakow.pl\/index.php?rest_route=\/wp\/v2\/pages\/4012\/revisions"}],"predecessor-version":[{"id":4016,"href":"http:\/\/mbbakow.pl\/index.php?rest_route=\/wp\/v2\/pages\/4012\/revisions\/4016"}],"wp:attachment":[{"href":"http:\/\/mbbakow.pl\/index.php?rest_route=%2Fwp%2Fv2%2Fmedia&parent=4012"}],"curies":[{"name":"wp","href":"https:\/\/api.w.org\/{rel}","templated":true}]}}