{"id":3692,"date":"2025-09-23T14:27:29","date_gmt":"2025-09-23T14:27:29","guid":{"rendered":"https:\/\/mbbakow.pl\/?page_id=3692"},"modified":"2025-09-23T14:39:40","modified_gmt":"2025-09-23T14:39:40","slug":"grill-integracyjny","status":"publish","type":"page","link":"http:\/\/mbbakow.pl\/?page_id=3692","title":{"rendered":"Grill integracyjny"},"content":{"rendered":"\n<p>W niedziel\u0119 21 wrze\u015bnia odby\u0142 si\u0119 grill integracyjny dla ministrant\u00f3w. By\u0142 to wspania\u0142y czas na pog\u0142\u0119bianie wi\u0119zi i relaks. Wsp\u00f3lne pieczenie kie\u0142basek, rozmowy i zabawy sportowe stworzy\u0142y idealn\u0105 atmosfer\u0119, kt\u00f3ra pozwoli\u0142a nam lepiej si\u0119 pozna\u0107 i zacie\u015bni\u0107 nasz\u0105 wsp\u00f3lnot\u0119. To spotkanie by\u0142o te\u017c \u015bwietn\u0105 okazj\u0105, aby sp\u0119dzi\u0107 czas poza ko\u015bcielnymi obowi\u0105zkami. Serdecznie dzi\u0119kujemy wszystkim, kt\u00f3rzy pomogli zorganizowa\u0107 to wydarzenie. Szczeg\u00f3lne podzi\u0119kowania i modlitw\u0119 o powr\u00f3t do zdrowia kierujemy w stron\u0119 Ksi\u0119dza Proboszcza, dzi\u0119kujemy Animatorom za dobr\u0105 zabaw\u0119 i opiek\u0119 oraz Rodzicom za wsparcie w przygotowaniach. Wasze zaanga\u017cowanie sprawi\u0142o, \u017ce spotkanie by\u0142o udane i na d\u0142ugo pozostanie w naszej pami\u0119ci. Jeszcze raz dzi\u0119kujemy!<\/p>\n\n\n\n<p>  <\/p>\n\n\n\n<figure class=\"wp-block-image size-large\"><img decoding=\"async\" loading=\"lazy\" width=\"768\" height=\"1024\" src=\"https:\/\/mbbakow.pl\/wp-content\/uploads\/2025\/09\/image-1-768x1024.png\" alt=\"\" class=\"wp-image-3696\" srcset=\"http:\/\/mbbakow.pl\/wp-content\/uploads\/2025\/09\/image-1-768x1024.png 768w, http:\/\/mbbakow.pl\/wp-content\/uploads\/2025\/09\/image-1-225x300.png 225w, http:\/\/mbbakow.pl\/wp-content\/uploads\/2025\/09\/image-1-1152x1536.png 1152w, http:\/\/mbbakow.pl\/wp-content\/uploads\/2025\/09\/image-1.png 1530w\" sizes=\"(max-width: 768px) 100vw, 768px\" \/><\/figure>\n","protected":false},"excerpt":{"rendered":"<p>W niedziel\u0119 21 wrze\u015bnia odby\u0142 si\u0119 grill integracyjny dla ministrant\u00f3w. By\u0142 to wspania\u0142y czas na pog\u0142\u0119bianie wi\u0119zi i relaks. Wsp\u00f3lne pieczenie kie\u0142basek, rozmowy i zabawy sportowe stworzy\u0142y idealn\u0105 atmosfer\u0119, kt\u00f3ra pozwoli\u0142a nam lepiej si\u0119 pozna\u0107 i zacie\u015bni\u0107 nasz\u0105 wsp\u00f3lnot\u0119. To spotkanie by\u0142o te\u017c \u015bwietn\u0105 okazj\u0105, aby sp\u0119dzi\u0107 czas poza ko\u015bcielnymi obowi\u0105zkami. Serdecznie dzi\u0119kujemy wszystkim, kt\u00f3rzy <a href=\"http:\/\/mbbakow.pl\/?page_id=3692\" class=\"more-link\">more<\/a><\/p>\n","protected":false},"author":1,"featured_media":0,"parent":0,"menu_order":0,"comment_status":"closed","ping_status":"closed","template":"","meta":[],"_links":{"self":[{"href":"http:\/\/mbbakow.pl\/index.php?rest_route=\/wp\/v2\/pages\/3692"}],"collection":[{"href":"http:\/\/mbbakow.pl\/index.php?rest_route=\/wp\/v2\/pages"}],"about":[{"href":"http:\/\/mbbakow.pl\/index.php?rest_route=\/wp\/v2\/types\/page"}],"author":[{"embeddable":true,"href":"http:\/\/mbbakow.pl\/index.php?rest_route=\/wp\/v2\/users\/1"}],"replies":[{"embeddable":true,"href":"http:\/\/mbbakow.pl\/index.php?rest_route=%2Fwp%2Fv2%2Fcomments&post=3692"}],"version-history":[{"count":2,"href":"http:\/\/mbbakow.pl\/index.php?rest_route=\/wp\/v2\/pages\/3692\/revisions"}],"predecessor-version":[{"id":3697,"href":"http:\/\/mbbakow.pl\/index.php?rest_route=\/wp\/v2\/pages\/3692\/revisions\/3697"}],"wp:attachment":[{"href":"http:\/\/mbbakow.pl\/index.php?rest_route=%2Fwp%2Fv2%2Fmedia&parent=3692"}],"curies":[{"name":"wp","href":"https:\/\/api.w.org\/{rel}","templated":true}]}}