{"id":3124,"date":"2025-01-11T12:35:31","date_gmt":"2025-01-11T12:35:31","guid":{"rendered":"http:\/\/mbbakow.pl\/?page_id=3124"},"modified":"2025-01-26T17:12:51","modified_gmt":"2025-01-26T17:12:51","slug":"koncert-koled-6-01-2025","status":"publish","type":"page","link":"http:\/\/mbbakow.pl\/?page_id=3124","title":{"rendered":"Koncert kol\u0119d"},"content":{"rendered":"\n<h3 class=\"wp-block-heading\">Koncert \u015awi\u0105teczno-Noworoczny Orkiestry D\u0119tej Gminy Bestwina z Kaniowa 26.01.2025<\/h3>\n\n\n\n<figure class=\"wp-block-image\"><img decoding=\"async\" src=\"https:\/\/scontent-ber1-1.xx.fbcdn.net\/v\/t1.15752-9\/474702378_1260695515041860_8044686022344257022_n.jpg?_nc_cat=101&amp;ccb=1-7&amp;_nc_sid=9f807c&amp;_nc_ohc=9BXZZf01F7kQ7kNvgEvvMF-&amp;_nc_zt=23&amp;_nc_ht=scontent-ber1-1.xx&amp;oh=03_Q7cD1gHaTnjzy6xrc8jz-1lim4fM_gYK4iIuOv7BuGFh3Pko6g&amp;oe=67BDD7D9\" alt=\"Brak opisu.\"\/><\/figure>\n\n\n\n<figure class=\"wp-block-image\"><img decoding=\"async\" src=\"https:\/\/scontent-ber1-1.xx.fbcdn.net\/v\/t1.15752-9\/474469676_625896903132619_3718147533913445888_n.jpg?_nc_cat=101&amp;ccb=1-7&amp;_nc_sid=9f807c&amp;_nc_ohc=85EUCZghCyEQ7kNvgEv9OK9&amp;_nc_zt=23&amp;_nc_ht=scontent-ber1-1.xx&amp;oh=03_Q7cD1gFu6af5E-I2ehKAmxTM4tFXM9M5UjfDtMTU89KALk0TdQ&amp;oe=67BDE71D\" alt=\"Brak opisu.\"\/><\/figure>\n\n\n\n<figure class=\"wp-block-image\"><img decoding=\"async\" src=\"https:\/\/scontent-ber1-1.xx.fbcdn.net\/v\/t1.15752-9\/473799270_1139368657722696_1941390937197512784_n.jpg?_nc_cat=107&amp;ccb=1-7&amp;_nc_sid=9f807c&amp;_nc_ohc=8v4i3YV1PigQ7kNvgGWEOYM&amp;_nc_zt=23&amp;_nc_ht=scontent-ber1-1.xx&amp;oh=03_Q7cD1gF2K6CrkVHdSjLimYyFCo0hRWDo_WBo4Zo3A2eLmIGYrQ&amp;oe=67BDD45F\" alt=\"Brak opisu.\"\/><\/figure>\n\n\n\n<figure class=\"wp-block-image\"><img decoding=\"async\" src=\"https:\/\/scontent-ber1-1.xx.fbcdn.net\/v\/t1.15752-9\/471873818_607470531994108_9187234599414220195_n.jpg?_nc_cat=110&amp;ccb=1-7&amp;_nc_sid=9f807c&amp;_nc_ohc=z4kgggh1Z6EQ7kNvgF3I_2X&amp;_nc_zt=23&amp;_nc_ht=scontent-ber1-1.xx&amp;oh=03_Q7cD1gGmqp5cwRLmiyiLuJumE7gqpGtrK2Un4euIar4p9vxlpA&amp;oe=67BDE86E\" alt=\"Brak opisu.\"\/><\/figure>\n\n\n\n<figure class=\"wp-block-image\"><img decoding=\"async\" src=\"https:\/\/scontent-ber1-1.xx.fbcdn.net\/v\/t1.15752-9\/474232858_28328616943451582_3618568950082129835_n.jpg?_nc_cat=103&amp;ccb=1-7&amp;_nc_sid=9f807c&amp;_nc_ohc=kmfHCW4-JTUQ7kNvgF9j8ct&amp;_nc_zt=23&amp;_nc_ht=scontent-ber1-1.xx&amp;oh=03_Q7cD1gH-Vyw3V7eTFn5E3yiSozt1bMEMOqNhOrS9KxzZYFFWeA&amp;oe=67BDCB03\" alt=\"Brak opisu.\"\/><\/figure>\n\n\n\n<h3 class=\"wp-block-heading\">12.01.2025<\/h3>\n\n\n\n<p>W niedziel\u0119 12.01. 2025 r. odby\u0142 si\u0119 koncert kol\u0119d z udzia\u0142em: Jarz\u0105bkowianek, Niezapominajek, Claudii i Kasi Chwo\u0142ka oraz Orkiestry \u015awi\u0105tecznej.<\/p>\n\n\n\n<figure class=\"wp-block-image\"><img decoding=\"async\" src=\"https:\/\/scontent-waw2-2.xx.fbcdn.net\/v\/t1.15752-9\/472757943_1126108652223600_3810556395209846752_n.jpg?_nc_cat=102&amp;ccb=1-7&amp;_nc_sid=9f807c&amp;_nc_ohc=jI63y4piWu8Q7kNvgGpIJuT&amp;_nc_zt=23&amp;_nc_ht=scontent-waw2-2.xx&amp;oh=03_Q7cD1gFCNRU_SA3R5YUOW2SjeIibUS4knV4dxDEPc3og__2TsA&amp;oe=67AB77C8\" alt=\"Brak opisu.\"\/><\/figure>\n\n\n\n<figure class=\"wp-block-image\"><img decoding=\"async\" src=\"https:\/\/scontent-waw2-1.xx.fbcdn.net\/v\/t1.15752-9\/472783471_602993922657227_7504577334753187293_n.jpg?_nc_cat=111&amp;ccb=1-7&amp;_nc_sid=9f807c&amp;_nc_ohc=F6Oz9726VbUQ7kNvgEgamF2&amp;_nc_zt=23&amp;_nc_ht=scontent-waw2-1.xx&amp;oh=03_Q7cD1gEUyEjG54gyUzPRUIdg_nFs-1jvwUtHxR6NB3pAabImew&amp;oe=67AB7272\" alt=\"Brak opisu.\"\/><\/figure>\n\n\n\n<figure class=\"wp-block-image\"><img decoding=\"async\" src=\"https:\/\/scontent-waw2-2.xx.fbcdn.net\/v\/t1.15752-9\/472418338_576789331935248_426796042018211464_n.jpg?_nc_cat=105&amp;ccb=1-7&amp;_nc_sid=9f807c&amp;_nc_ohc=0cYc1qBx3NsQ7kNvgG3Hgoi&amp;_nc_zt=23&amp;_nc_ht=scontent-waw2-2.xx&amp;oh=03_Q7cD1gG-3z3mPIyvy7e17mTmaEAGNBqGstSBwe87eUoCLYYgUQ&amp;oe=67AB8477\" alt=\"Brak opisu.\"\/><\/figure>\n\n\n\n<figure class=\"wp-block-image is-resized\"><img decoding=\"async\" loading=\"lazy\" src=\"https:\/\/scontent.xx.fbcdn.net\/v\/t1.15752-9\/473164678_2595226027353726_5448788742457086735_n.jpg?stp=dst-jpg_p480x480_tt6&amp;_nc_cat=102&amp;ccb=1-7&amp;_nc_sid=0024fc&amp;_nc_ohc=9TbAe8OG1U4Q7kNvgEdm-0W&amp;_nc_ad=z-m&amp;_nc_cid=0&amp;_nc_zt=23&amp;_nc_ht=scontent.xx&amp;oh=03_Q7cD1gG-AeyN1qnBNbWWuK9RWx-VO8o0S7p24pThlUpAUYEfuA&amp;oe=67AB7D55\" alt=\"Otw\u00f3rz zdj\u0119cie\" width=\"572\" height=\"576\"\/><\/figure>\n\n\n\n<p>   ================================================<\/p>\n\n\n\n<h3 class=\"wp-block-heading\">6.01.2025<\/h3>\n\n\n\n<p>6 stycznia w naszym ko\u015bciele odby\u0142o si\u0119 Gminne Kol\u0119dowanie &#8222;Weso\u0142\u0105 nowin\u0119 bracia s\u0142uchajcie&#8221;.<\/p>\n\n\n\n<p>Relacj\u0119 z koncertu mo\u017cna obejrze\u0107 na stronie Gminy Strumie\u0144:<\/p>\n\n\n\n<p><a href=\"https:\/\/strumien.pl\/news\/wesola-nowine-bracia-sluchajcie-gminne-koledowanie-za-nami\">https:\/\/strumien.pl\/news\/wesola-nowine-bracia-sluchajcie-gminne-koledowanie-za-nami<\/a><\/p>\n\n\n\n<p><\/p>\n","protected":false},"excerpt":{"rendered":"<p>Koncert \u015awi\u0105teczno-Noworoczny Orkiestry D\u0119tej Gminy Bestwina z Kaniowa 26.01.2025 12.01.2025 W niedziel\u0119 12.01. 2025 r. odby\u0142 si\u0119 koncert kol\u0119d z udzia\u0142em: Jarz\u0105bkowianek, Niezapominajek, Claudii i Kasi Chwo\u0142ka oraz Orkiestry \u015awi\u0105tecznej. ================================================ 6.01.2025 6 stycznia w naszym ko\u015bciele odby\u0142o si\u0119 Gminne Kol\u0119dowanie &#8222;Weso\u0142\u0105 nowin\u0119 bracia s\u0142uchajcie&#8221;. Relacj\u0119 z koncertu mo\u017cna obejrze\u0107 na stronie Gminy Strumie\u0144: https:\/\/strumien.pl\/news\/wesola-nowine-bracia-sluchajcie-gminne-koledowanie-za-nami<\/p>\n","protected":false},"author":1,"featured_media":0,"parent":0,"menu_order":0,"comment_status":"closed","ping_status":"closed","template":"","meta":[],"_links":{"self":[{"href":"http:\/\/mbbakow.pl\/index.php?rest_route=\/wp\/v2\/pages\/3124"}],"collection":[{"href":"http:\/\/mbbakow.pl\/index.php?rest_route=\/wp\/v2\/pages"}],"about":[{"href":"http:\/\/mbbakow.pl\/index.php?rest_route=\/wp\/v2\/types\/page"}],"author":[{"embeddable":true,"href":"http:\/\/mbbakow.pl\/index.php?rest_route=\/wp\/v2\/users\/1"}],"replies":[{"embeddable":true,"href":"http:\/\/mbbakow.pl\/index.php?rest_route=%2Fwp%2Fv2%2Fcomments&post=3124"}],"version-history":[{"count":8,"href":"http:\/\/mbbakow.pl\/index.php?rest_route=\/wp\/v2\/pages\/3124\/revisions"}],"predecessor-version":[{"id":3154,"href":"http:\/\/mbbakow.pl\/index.php?rest_route=\/wp\/v2\/pages\/3124\/revisions\/3154"}],"wp:attachment":[{"href":"http:\/\/mbbakow.pl\/index.php?rest_route=%2Fwp%2Fv2%2Fmedia&parent=3124"}],"curies":[{"name":"wp","href":"https:\/\/api.w.org\/{rel}","templated":true}]}}