{"id":2940,"date":"2024-09-08T18:01:26","date_gmt":"2024-09-08T18:01:26","guid":{"rendered":"http:\/\/mbbakow.pl\/?page_id=2940"},"modified":"2024-09-08T18:08:21","modified_gmt":"2024-09-08T18:08:21","slug":"dozynki","status":"publish","type":"page","link":"http:\/\/mbbakow.pl\/?page_id=2940","title":{"rendered":"Do\u017cynki 2024"},"content":{"rendered":"\n<p>W dniu dzisiejszym w naszej parafii zosta\u0142a odprawiona msza do\u017cynkowa, w czasie kt\u00f3rej dzi\u0119kowali\u015bmy za tegoroczne zbiory.<\/p>\n\n\n\n<figure class=\"wp-block-image\"><img decoding=\"async\" src=\"https:\/\/scontent-waw2-1.xx.fbcdn.net\/v\/t1.15752-9\/456898760_3759810424347347_1997180950389213112_n.jpg?_nc_cat=104&amp;ccb=1-7&amp;_nc_sid=9f807c&amp;_nc_ohc=wtrFitMBl4QQ7kNvgGOg-1s&amp;_nc_ht=scontent-waw2-1.xx&amp;oh=03_Q7cD1QGW6PdQkZRF-IRE_G9T3B1V5_ho0dPoL53fUmExBy_Q4w&amp;oe=67054CD9\" alt=\"Brak opisu.\"\/><\/figure>\n\n\n\n<figure class=\"wp-block-image\"><img decoding=\"async\" src=\"https:\/\/scontent-waw2-2.xx.fbcdn.net\/v\/t1.15752-9\/457706538_1983523515442651_3784964519111481477_n.jpg?_nc_cat=105&amp;ccb=1-7&amp;_nc_sid=9f807c&amp;_nc_ohc=tAwhZ9Aun7QQ7kNvgGpgp6u&amp;_nc_ht=scontent-waw2-2.xx&amp;oh=03_Q7cD1QENpV0L8cleR4-8BSPW5G5kaRvYX4L36G4Es3QyC1kizw&amp;oe=67054CB1\" alt=\"Brak opisu.\"\/><\/figure>\n\n\n\n<figure class=\"wp-block-image\"><img decoding=\"async\" src=\"https:\/\/scontent-waw2-2.xx.fbcdn.net\/v\/t1.15752-9\/457834725_1018992776618844_3252160282379213876_n.jpg?_nc_cat=102&amp;ccb=1-7&amp;_nc_sid=9f807c&amp;_nc_ohc=Pk3doumNQRoQ7kNvgF_vv9P&amp;_nc_ht=scontent-waw2-2.xx&amp;oh=03_Q7cD1QGgo9bZPKE43t03yAsg4C3EpUA7nG77gzm6lJx6HRIG6g&amp;oe=67056E62\" alt=\"Brak opisu.\"\/><\/figure>\n\n\n\n<figure class=\"wp-block-image\"><img decoding=\"async\" src=\"https:\/\/scontent-waw2-1.xx.fbcdn.net\/v\/t1.15752-9\/458235148_1033864351452543_2098510939627895520_n.jpg?_nc_cat=109&amp;ccb=1-7&amp;_nc_sid=9f807c&amp;_nc_ohc=ap9sfVxP7IEQ7kNvgErFbhg&amp;_nc_ht=scontent-waw2-1.xx&amp;oh=03_Q7cD1QGcXJQaepvAhUgXU1b_YvyK_E8QAVlgzwtyw_eaEL1mIA&amp;oe=670564F4\" alt=\"Brak opisu.\"\/><\/figure>\n\n\n\n<figure class=\"wp-block-image\"><img decoding=\"async\" src=\"https:\/\/scontent-waw2-1.xx.fbcdn.net\/v\/t1.15752-9\/458512608_1053753326347507_6172056188362018972_n.jpg?_nc_cat=108&amp;ccb=1-7&amp;_nc_sid=9f807c&amp;_nc_ohc=NIF5SL-l6QcQ7kNvgE97AE5&amp;_nc_ht=scontent-waw2-1.xx&amp;oh=03_Q7cD1QGeIq4N8ppJEGFQuWhbV-uS5QZAMT2OAiEfq_ecyw2HpA&amp;oe=6705409E\" alt=\"Brak opisu.\"\/><\/figure>\n\n\n\n<figure class=\"wp-block-image\"><img decoding=\"async\" src=\"https:\/\/scontent-waw2-2.xx.fbcdn.net\/v\/t1.15752-9\/456238365_1032265764970148_2013058207106098508_n.jpg?_nc_cat=106&amp;ccb=1-7&amp;_nc_sid=9f807c&amp;_nc_ohc=3kDaBK24fzcQ7kNvgG6oTvP&amp;_nc_ht=scontent-waw2-2.xx&amp;oh=03_Q7cD1QGGf0CEOnR7-tL2f4biSjDuKhY_a__FhPicgPbAUqk3tw&amp;oe=6705516A\" alt=\"Brak opisu.\"\/><\/figure>\n\n\n\n<figure class=\"wp-block-image\"><img decoding=\"async\" src=\"https:\/\/scontent-waw2-2.xx.fbcdn.net\/v\/t1.15752-9\/457028218_382987314670468_1516167027607733122_n.jpg?_nc_cat=103&amp;ccb=1-7&amp;_nc_sid=9f807c&amp;_nc_ohc=J5X9gTHaI10Q7kNvgEeXVeX&amp;_nc_ht=scontent-waw2-2.xx&amp;oh=03_Q7cD1QFoWbbeGROUklcBv_Ngys19xAZwtfgGC-rJFRlUEucwXQ&amp;oe=670551EB\" alt=\"Brak opisu.\"\/><\/figure>\n\n\n\n<figure class=\"wp-block-image\"><img decoding=\"async\" src=\"https:\/\/scontent-waw2-1.xx.fbcdn.net\/v\/t1.15752-9\/456416955_1257987485204624_1291475240935171446_n.jpg?_nc_cat=108&amp;ccb=1-7&amp;_nc_sid=9f807c&amp;_nc_ohc=aTIIZTF4Ty8Q7kNvgFNWoH9&amp;_nc_ht=scontent-waw2-1.xx&amp;oh=03_Q7cD1QGc93I5XrEZoHCezT5h9dK4-qoXE2VQJrUZdhpJhSSNCA&amp;oe=6705562D\" alt=\"Brak opisu.\"\/><\/figure>\n\n\n\n<figure class=\"wp-block-image\"><img decoding=\"async\" src=\"https:\/\/scontent-waw2-2.xx.fbcdn.net\/v\/t1.15752-9\/457804707_996511908889357_2215322722236063762_n.jpg?_nc_cat=103&amp;ccb=1-7&amp;_nc_sid=9f807c&amp;_nc_ohc=elFiQcGMOUUQ7kNvgF1NQpo&amp;_nc_ht=scontent-waw2-2.xx&amp;oh=03_Q7cD1QEdB0WOJVNuuRhbxK3RSajzaaoBTAi4PU3dR1SmEp3tJw&amp;oe=67054FAA\" alt=\"Brak opisu.\"\/><\/figure>\n","protected":false},"excerpt":{"rendered":"<p>W dniu dzisiejszym w naszej parafii zosta\u0142a odprawiona msza do\u017cynkowa, w czasie kt\u00f3rej dzi\u0119kowali\u015bmy za tegoroczne zbiory.<\/p>\n","protected":false},"author":1,"featured_media":0,"parent":0,"menu_order":0,"comment_status":"closed","ping_status":"closed","template":"","meta":[],"_links":{"self":[{"href":"http:\/\/mbbakow.pl\/index.php?rest_route=\/wp\/v2\/pages\/2940"}],"collection":[{"href":"http:\/\/mbbakow.pl\/index.php?rest_route=\/wp\/v2\/pages"}],"about":[{"href":"http:\/\/mbbakow.pl\/index.php?rest_route=\/wp\/v2\/types\/page"}],"author":[{"embeddable":true,"href":"http:\/\/mbbakow.pl\/index.php?rest_route=\/wp\/v2\/users\/1"}],"replies":[{"embeddable":true,"href":"http:\/\/mbbakow.pl\/index.php?rest_route=%2Fwp%2Fv2%2Fcomments&post=2940"}],"version-history":[{"count":2,"href":"http:\/\/mbbakow.pl\/index.php?rest_route=\/wp\/v2\/pages\/2940\/revisions"}],"predecessor-version":[{"id":2944,"href":"http:\/\/mbbakow.pl\/index.php?rest_route=\/wp\/v2\/pages\/2940\/revisions\/2944"}],"wp:attachment":[{"href":"http:\/\/mbbakow.pl\/index.php?rest_route=%2Fwp%2Fv2%2Fmedia&parent=2940"}],"curies":[{"name":"wp","href":"https:\/\/api.w.org\/{rel}","templated":true}]}}