{"id":159,"date":"2017-10-27T20:05:09","date_gmt":"2017-10-27T20:05:09","guid":{"rendered":"http:\/\/mbbakow.pl\/?page_id=159"},"modified":"2026-05-02T20:05:45","modified_gmt":"2026-05-02T20:05:45","slug":"intencje-mszalne","status":"publish","type":"page","link":"http:\/\/mbbakow.pl\/?page_id=159","title":{"rendered":"Intencje mszalne"},"content":{"rendered":"\n<h2 class=\"wp-block-heading\">3.05.2026 r. &#8211; 10.05.2026 r.<\/h2>\n\n\n\n<p><strong>Niedziela 3.05.2026 r. &#8211; 5 Niedziela Wielkanocna<\/strong><\/p>\n\n\n\n<p>8:00 za + Teodora \u017bak w 19 rocznic\u0119 \u015bmierci, Tadeusza Kubeckiego i + rodzic\u00f3w<\/p>\n\n\n\n<p>10:30 za + J\u00f3zefa Mrowiec, + rodzic\u00f3w J\u00f3zefa i Mart\u0119 Mrowiec, te\u015bci\u00f3w Gertrud\u0119 i Ludwika Cima\u0142a, za + z rodzin Mrowiec, Cima\u0142a<\/p>\n\n\n\n<p><em>15:00 nabo\u017ce\u0144stwo majowe<\/em><\/p>\n\n\n\n<p><strong>Poniedzia\u0142ek &#8211; 4.05.2026 r.- Wspomnienie \u015bw. Floriana<\/strong><\/p>\n\n\n\n<p>17:00 1. za + Mariann\u0119 i Bogdana, m\u0119\u017ca Krzysztofa Kempczy\u0144skiego, + dziadk\u00f3w z okazji urodzin, za + te\u015bci\u00f3w Jadwig\u0119 i Andrzeja i + z rodziny<br>          2. za + Piotra Wieszczek od te\u015bcia Alojzego Adamczyk<\/p>\n\n\n\n<p><em>nabo\u017ce\u0144stwo majowe<\/em><\/p>\n\n\n\n<p><strong>Wtorek &#8211; 5.05.2026 r.<\/strong><\/p>\n\n\n\n<p>7:30 <em>nabo\u017ce\u0144stwo majowe<\/em><\/p>\n\n\n\n<p>8:00 za +Helen\u0119 Gabzdyl od Reginy z rodzin\u0105<\/p>\n\n\n\n<p><strong>\u015aroda &#8211; 6.05.2026 r. &#8211; \u015bwi\u0119to \u015bw. Aposto\u0142\u00f3w Filipa i Jakuba<\/strong><\/p>\n\n\n\n<p>17:00 1. za + Franciszka Adamczyk, \u017con\u0119 Stanis\u0142aw\u0119, synow\u0105 Mari\u0119 Adamczyk, + z rodziny Adamczyk i Rych\u0142y<br>          2. za + Ann\u0119 Szymiczek od wnuk\u00f3w i wnuczek z rodzinami<\/p>\n\n\n\n<p><em>nabo\u017ce\u0144stwo majow<\/em>e<\/p>\n\n\n\n<p><strong>Czwartek &#8211; 7.05.2026 r. &#8211; I czwartek miesi\u0105ca <\/strong><\/p>\n\n\n\n<p>17:00 1. za + Mari\u0119 i J\u00f3zefa Drabik, + c\u00f3rki i syn\u00f3w<br>          2. za + Mariana Kuboszek od s\u0105siad\u00f3w Foltyn\u00f3w<\/p>\n\n\n\n<p><em>nabo\u017ce\u0144stwo maj<\/em>owe <em>o nowe powo\u0142ania kap\u0142a\u0144skie i zakonne<\/em><\/p>\n\n\n\n<p><strong>Pi\u0105tek &#8211; 8.05.2026 r.<\/strong> <strong>&#8211; uroczysto\u015b\u0107 \u015bw. Stanis\u0142awa, biskupa, g\u0142\u00f3wnego patrona Polski<\/strong><\/p>\n\n\n\n<p><em>16:00 wystawienie Naj\u015bwi\u0119tszego Sakramentu<\/em><\/p>\n\n\n\n<p><em>16:45 nabo\u017ce\u0144stwo majowe<\/em><\/p>\n\n\n\n<p>17:00 za Franciszka i Emili\u0119 Kalarus<\/p>\n\n\n\n<p><strong>Sobota 2.05.2026 r. &#8211; NMP Kr\u00f3lowej Polski &#8211; I sobota miesi\u0105ca<\/strong><\/p>\n\n\n\n<p>8:00 za + Mariana Kuboszek i Ann\u0119 Szymiczek (30 dniowa)<\/p>\n\n\n\n<p>17:00 do Mi\u0142osierdzia Bo\u017cego, MB Mi\u0142osierdzia i \u015bw. Faustyny z podzi\u0119kowaniem za otrzymane \u0142aski z pro\u015bb\u0105 o dalsze zdrowie i b\u0142ogos\u0142awie\u0144stwo dla Bartosza z okazji 18 Urodzin, o Bo\u017ce b\u0142ogos\u0142awie\u0144stwo dla ca\u0142ej rodziny       <\/p>\n\n\n\n<p><em>nabo\u017ce\u0144stwo majowe<\/em><\/p>\n\n\n\n<p><strong>Niedziela 10.05.2026 r. &#8211; 6 Niedziela Wielkanocna<\/strong><\/p>\n\n\n\n<p>8:00 za + m\u0119\u017ca Wojciecha \u017byga w 5 rocznic\u0119 \u015bmierci, te\u015bcia Romana, + rodzic\u00f3w Wilhelma i Eugeni\u0119 Broda, brata Miros\u0142awa Broda<\/p>\n\n\n\n<p>10:30 za + Zbigniewa Zatorskiego w 13 rocznic\u0119 \u015bmierci, + rodzic\u00f3w i te\u015bci\u00f3w<\/p>\n\n\n\n<p><em>15:00 nabo\u017ce\u0144stwo majowe<\/em><\/p>\n\n\n\n<p>===========================<\/p>\n\n\n\n<h2 class=\"wp-block-heading\">26.04.2026 r. &#8211; 3.05.2026 r.<\/h2>\n\n\n\n<p><strong>Niedziela 26.04.2026 r. &#8211; 4 Niedziela Wielkanocna<\/strong><\/p>\n\n\n\n<p>8:00 za + Gertrud\u0119 i J\u00f3zefa Brachaczek, Helen\u0119 i Franciszka Figura i + z rodziny<\/p>\n\n\n\n<p>10:30 do Mi\u0142osierdzia Bo\u017cego, MB Mi\u0142osierdzia  i \u015bw. Faustyny z podzi\u0119kowaniem za otrzymane \u0142aski z pro\u015bb\u0105 o dalsze zdrowie i b\u0142ogos\u0142awie\u0144stwo dla Ksi\u0119dza Proboszcza z okazji 70 Urodzin<\/p>\n\n\n\n<p><strong>Poniedzia\u0142ek &#8211; 27.04.2026 r.<\/strong><\/p>\n\n\n\n<p>17:00 za + Ma\u0142gorzat\u0119 Trojan w 1 rocz. \u015bmierci i + rodzic\u00f3w<\/p>\n\n\n\n<p><strong>Wtorek &#8211; 28.04.2026 r.<\/strong><\/p>\n\n\n\n<p>8:00 za +Jerzego Wacha od Joli I Darka Szymiczek z rodzin\u0105<\/p>\n\n\n\n<p><strong>\u015aroda &#8211; 29.04.2026 r. &#8211; \u015bw. Katarzyny Siene\u0144skiej<\/strong><\/p>\n\n\n\n<p>17:00 za + Ann\u0119 Szlachta, m\u0119\u017ca Wincentego, syna Bogdana, + rodzic\u00f3w i rodze\u0144stwo z obu stron<\/p>\n\n\n\n<p><strong>Czwartek &#8211; 30.04.2026 r. <\/strong><\/p>\n\n\n\n<p>17:00 msza \u015bw. w intencjach Apostolatu Maryjnego<\/p>\n\n\n\n<p><strong>Pi\u0105tek &#8211; 1.05.2026 r.<\/strong> <strong>&#8211; \u015bw. J\u00f3zefa rzemie\u015blnika &#8211; I pi\u0105tek miesi\u0105ca<\/strong><\/p>\n\n\n\n<p>17:00 msza \u015bw. do \u015bw. Floriana w intencji stra\u017cak\u00f3w i ich rodzin, z Jarz\u0105bkowic i B\u0105kowa<\/p>\n\n\n\n<p>       <em> nabo\u017ce\u0144stwo majowe<\/em><\/p>\n\n\n\n<p><strong>Sobota 2.05.2026 r. &#8211; NMP Kr\u00f3lowej Polski &#8211; I sobota miesi\u0105ca<\/strong><\/p>\n\n\n\n<p>8:00 za + Ann\u0119 Szymiczek od Czcicielek Matki Bo\u017cej<\/p>\n\n\n\n<p>         <em>nabo\u017ce\u0144stwo majowe<\/em><\/p>\n\n\n\n<p>17:00 za + Aniel\u0119 i Krzysztofa Py\u0107 w rocznic\u0119 \u015bmierci, Miko\u0142aja Py\u0107, Helen\u0119, Zbigniewa, Eugeni\u0119, Kazimierza Zg\u00f3rskich i + z rodziny<\/p>\n\n\n\n<p><strong>Niedziela 3.05.2026 r. &#8211; 5 Niedziela Wielkanocna<\/strong><\/p>\n\n\n\n<p>8:00 za + Teodora \u017bak w 19 rocznic\u0119 \u015bmierci, Tadeusza Kubeckiego i + rodzic\u00f3w<\/p>\n\n\n\n<p>10:30 za + J\u00f3zefa Mrowiec, + rodzic\u00f3w J\u00f3zefa i Mart\u0119 Mrowiec, te\u015bci\u00f3w Gertrud\u0119 i Ludwika Cima\u0142a, za + z rodzin Mrowiec, Cima\u0142a<\/p>\n\n\n\n<p><em>15:00 nabo\u017ce\u0144stwo majowe<\/em><\/p>\n\n\n\n<p>==============================<\/p>\n\n\n\n<h2 class=\"wp-block-heading\">19.04.2026 r.- 26.04.2026 r.<\/h2>\n\n\n\n<p><strong>Niedziela 19.04.2026 r. &#8211; 3 Niedziela Wielkanocna<\/strong><\/p>\n\n\n\n<p>8:00 za + te\u015bci\u00f3w Gertrud\u0119 i Teodora Stuchlik, syn\u00f3w Zygfryda, Jana, Bronis\u0142awa i zi\u0119cia Zbigniewa<\/p>\n\n\n\n<p>10:30 o Mi\u0142osierdzia Bo\u017cego, MB Mi\u0142osierdzia  i \u015bw. Faustyny z podzi\u0119kowaniem za otrzymane \u0142aski z pro\u015bb\u0105 o dalsze zdrowie i b\u0142ogos\u0142awie\u0144stwo dla Magdaleny Hawe\u0142ka z okazji 18 Urodzin, o Bo\u017ce b\u0142ogos\u0142awie\u0144stwo dla ca\u0142ej rodziny<\/p>\n\n\n\n<p><strong>Poniedzia\u0142ek &#8211; 20.04.2026 r.<\/strong><\/p>\n\n\n\n<p>17:00 za + rodzic\u00f3w Anastazj\u0119 i Wincentego Gaszczyk, Zofi\u0119 i J\u00f3zefa Pieczonka oraz + dziadk\u00f3w z obu stron<\/p>\n\n\n\n<p><strong>Wtorek &#8211; 21.04.2026 r.<\/strong><\/p>\n\n\n\n<p>8:00 za + Piotra Wieszczek od zespo\u0142u sklepu \u017babka<\/p>\n\n\n\n<p><strong>\u015aroda &#8211; 22.04.2026 r.<\/strong><\/p>\n\n\n\n<p>17:00 za + rodzic\u00f3w Jana I Natali\u0119 Kra\u015bniewicz oraz Andrzeja Kubowicza<\/p>\n\n\n\n<p><strong>Czwartek &#8211; 23.04.2026 r. &#8211; uroczysto\u015b\u0107 \u015bw. Wojciecha<\/strong><\/p>\n\n\n\n<p>17:00 za + Roberta Kasperydusa w 2 rocznic\u0119 \u015bmierci od \u017cony El\u017cbiety z rodzin\u0105<\/p>\n\n\n\n<p><strong>Pi\u0105tek &#8211; 24.04.2026 r.<\/strong> &#8211; \u015bw. Jerzego<\/p>\n\n\n\n<p><em>16:00 wystawienie Naj\u015bwi\u0119tszego Sakramentu,<\/em><br>modlitwa r\u00f3\u017ca\u0144cowa, nabo\u017ce\u0144stwo do Mi\u0142osierdzia Bo\u017cego<\/p>\n\n\n\n<p>17:00 za + R\u00f3\u017c\u0119 Gorzo\u0142k\u0119 i Anastazj\u0119 Drasyk w rocznic\u0119 \u015bmierci<\/p>\n\n\n\n<p><strong>Sobota 25.04.2026 r. &#8211;  \u015bw. Marka Ewangelisty<\/strong><\/p>\n\n\n\n<p>17:00 do Mi\u0142osierdzia Bo\u017cego, MB Mi\u0142osierdzia i \u015bw. Faustyny z podzi\u0119kowaniem za otrzymane \u0142aski z pro\u015bb\u0105 o dalsze zdrowie i b\u0142ogos\u0142awie\u0144stwo dla Eugeni i Mieczys\u0142awa Miko\u0142ajczyk  z okazji 50 rocznicy \u015blubu, o Bo\u017ce b\u0142ogos\u0142awie\u0144stwo dla ca\u0142ej rodziny<\/p>\n\n\n\n<p><strong>Niedziela 26.04.2026 r. &#8211; 3 Niedziela Wielkanocna<\/strong><\/p>\n\n\n\n<p>8:00 za + Gertrud\u0119 i J\u00f3zefa Brachaczek, Helen\u0119 i Franciszka Figura i + z rodziny<\/p>\n\n\n\n<p>10:30 o Mi\u0142osierdzia Bo\u017cego, MB Mi\u0142osierdzia  i \u015bw. Faustyny z podzi\u0119kowaniem za otrzymane \u0142aski z pro\u015bb\u0105 o dalsze zdrowie i b\u0142ogos\u0142awie\u0144stwo dla Ksi\u0119dza Proboszcza z okazji 70 Urodzin, ========================================<\/p>\n\n\n\n<p>        <\/p>\n","protected":false},"excerpt":{"rendered":"<p>3.05.2026 r. &#8211; 10.05.2026 r. Niedziela 3.05.2026 r. &#8211; 5 Niedziela Wielkanocna 8:00 za + Teodora \u017bak w 19 rocznic\u0119 \u015bmierci, Tadeusza Kubeckiego i + rodzic\u00f3w 10:30 za + J\u00f3zefa Mrowiec, + rodzic\u00f3w J\u00f3zefa i Mart\u0119 Mrowiec, te\u015bci\u00f3w Gertrud\u0119 i Ludwika Cima\u0142a, za + z rodzin Mrowiec, Cima\u0142a 15:00 nabo\u017ce\u0144stwo majowe Poniedzia\u0142ek &#8211; 4.05.2026 r.- <a href=\"http:\/\/mbbakow.pl\/?page_id=159\" class=\"more-link\">more<\/a><\/p>\n","protected":false},"author":1,"featured_media":0,"parent":0,"menu_order":0,"comment_status":"closed","ping_status":"closed","template":"","meta":[],"_links":{"self":[{"href":"http:\/\/mbbakow.pl\/index.php?rest_route=\/wp\/v2\/pages\/159"}],"collection":[{"href":"http:\/\/mbbakow.pl\/index.php?rest_route=\/wp\/v2\/pages"}],"about":[{"href":"http:\/\/mbbakow.pl\/index.php?rest_route=\/wp\/v2\/types\/page"}],"author":[{"embeddable":true,"href":"http:\/\/mbbakow.pl\/index.php?rest_route=\/wp\/v2\/users\/1"}],"replies":[{"embeddable":true,"href":"http:\/\/mbbakow.pl\/index.php?rest_route=%2Fwp%2Fv2%2Fcomments&post=159"}],"version-history":[{"count":525,"href":"http:\/\/mbbakow.pl\/index.php?rest_route=\/wp\/v2\/pages\/159\/revisions"}],"predecessor-version":[{"id":4112,"href":"http:\/\/mbbakow.pl\/index.php?rest_route=\/wp\/v2\/pages\/159\/revisions\/4112"}],"wp:attachment":[{"href":"http:\/\/mbbakow.pl\/index.php?rest_route=%2Fwp%2Fv2%2Fmedia&parent=159"}],"curies":[{"name":"wp","href":"https:\/\/api.w.org\/{rel}","templated":true}]}}